{"id":5336,"date":"2025-12-15T14:16:34","date_gmt":"2025-12-15T14:16:34","guid":{"rendered":"https:\/\/larreborges.com\/web\/producto\/camiseta-oficial-2025\/"},"modified":"2026-01-22T17:56:39","modified_gmt":"2026-01-22T17:56:39","slug":"camiseta-oficial-2025","status":"publish","type":"product","link":"https:\/\/larreborges.com\/web\/producto\/camiseta-oficial-2025\/","title":{"rendered":"Camiseta Oficial 2025"},"content":{"rendered":"<p>Promo v\u00e1lida del 15\/12 al 23\/12 o hasta agotar stock.<\/p>\n","protected":false},"excerpt":{"rendered":"<p>Camiseta oficial Larre Borges 2025<\/p>\n","protected":false},"featured_media":5393,"comment_status":"open","ping_status":"closed","template":"","meta":{"_joinchat":[]},"product_brand":[],"product_cat":[72],"product_tag":[],"class_list":{"0":"post-5336","1":"product","2":"type-product","3":"status-publish","4":"has-post-thumbnail","6":"product_cat-indumentaria","8":"first","9":"instock","10":"shipping-taxable","11":"purchasable","12":"product-type-variable"},"yoast_head":"<!-- This site is optimized with the Yoast SEO plugin v27.3 - https:\/\/yoast.com\/product\/yoast-seo-wordpress\/ -->\n<title>Camiseta Oficial 2025 - Instituci\u00f3n Atl\u00e9tica Larre Borges<\/title>\n<meta name=\"robots\" content=\"index, follow, max-snippet:-1, max-image-preview:large, max-video-preview:-1\" \/>\n<link rel=\"canonical\" href=\"https:\/\/larreborges.com\/web\/producto\/camiseta-oficial-2025\/\" \/>\n<meta property=\"og:locale\" content=\"es_ES\" \/>\n<meta property=\"og:type\" content=\"article\" \/>\n<meta property=\"og:title\" content=\"Camiseta Oficial 2025 - Instituci\u00f3n Atl\u00e9tica Larre Borges\" \/>\n<meta property=\"og:description\" content=\"Camiseta oficial Larre Borges 2025\" \/>\n<meta property=\"og:url\" content=\"https:\/\/larreborges.com\/web\/producto\/camiseta-oficial-2025\/\" \/>\n<meta property=\"og:site_name\" content=\"Instituci\u00f3n Atl\u00e9tica Larre Borges\" \/>\n<meta property=\"article:modified_time\" content=\"2026-01-22T17:56:39+00:00\" \/>\n<meta property=\"og:image\" content=\"https:\/\/larreborges.com\/web\/wp-content\/uploads\/2025\/12\/camiseta-oficial-2025-larre-borges.jpg\" \/>\n\t<meta property=\"og:image:width\" content=\"1080\" \/>\n\t<meta property=\"og:image:height\" content=\"1080\" \/>\n\t<meta property=\"og:image:type\" content=\"image\/jpeg\" \/>\n<meta name=\"twitter:card\" content=\"summary_large_image\" \/>\n<meta name=\"twitter:label1\" content=\"Tiempo de lectura\" \/>\n\t<meta name=\"twitter:data1\" content=\"1 minuto\" \/>\n<script type=\"application\/ld+json\" class=\"yoast-schema-graph\">{\"@context\":\"https:\\\/\\\/schema.org\",\"@graph\":[{\"@type\":\"WebPage\",\"@id\":\"https:\\\/\\\/larreborges.com\\\/web\\\/producto\\\/camiseta-oficial-2025\\\/\",\"url\":\"https:\\\/\\\/larreborges.com\\\/web\\\/producto\\\/camiseta-oficial-2025\\\/\",\"name\":\"Camiseta Oficial 2025 - Instituci\u00f3n Atl\u00e9tica Larre Borges\",\"isPartOf\":{\"@id\":\"https:\\\/\\\/larreborges.com\\\/web\\\/#website\"},\"primaryImageOfPage\":{\"@id\":\"https:\\\/\\\/larreborges.com\\\/web\\\/producto\\\/camiseta-oficial-2025\\\/#primaryimage\"},\"image\":{\"@id\":\"https:\\\/\\\/larreborges.com\\\/web\\\/producto\\\/camiseta-oficial-2025\\\/#primaryimage\"},\"thumbnailUrl\":\"https:\\\/\\\/larreborges.com\\\/web\\\/wp-content\\\/uploads\\\/2025\\\/12\\\/camiseta-oficial-2025-larre-borges.jpg\",\"datePublished\":\"2025-12-15T14:16:34+00:00\",\"dateModified\":\"2026-01-22T17:56:39+00:00\",\"breadcrumb\":{\"@id\":\"https:\\\/\\\/larreborges.com\\\/web\\\/producto\\\/camiseta-oficial-2025\\\/#breadcrumb\"},\"inLanguage\":\"es\",\"potentialAction\":[{\"@type\":\"ReadAction\",\"target\":[\"https:\\\/\\\/larreborges.com\\\/web\\\/producto\\\/camiseta-oficial-2025\\\/\"]}]},{\"@type\":\"ImageObject\",\"inLanguage\":\"es\",\"@id\":\"https:\\\/\\\/larreborges.com\\\/web\\\/producto\\\/camiseta-oficial-2025\\\/#primaryimage\",\"url\":\"https:\\\/\\\/larreborges.com\\\/web\\\/wp-content\\\/uploads\\\/2025\\\/12\\\/camiseta-oficial-2025-larre-borges.jpg\",\"contentUrl\":\"https:\\\/\\\/larreborges.com\\\/web\\\/wp-content\\\/uploads\\\/2025\\\/12\\\/camiseta-oficial-2025-larre-borges.jpg\",\"width\":1080,\"height\":1080},{\"@type\":\"BreadcrumbList\",\"@id\":\"https:\\\/\\\/larreborges.com\\\/web\\\/producto\\\/camiseta-oficial-2025\\\/#breadcrumb\",\"itemListElement\":[{\"@type\":\"ListItem\",\"position\":1,\"name\":\"Portada\",\"item\":\"https:\\\/\\\/larreborges.com\\\/web\\\/\"},{\"@type\":\"ListItem\",\"position\":2,\"name\":\"Tienda\",\"item\":\"https:\\\/\\\/larreborges.com\\\/web\\\/tienda\\\/\"},{\"@type\":\"ListItem\",\"position\":3,\"name\":\"Camiseta Oficial 2025\"}]},{\"@type\":\"WebSite\",\"@id\":\"https:\\\/\\\/larreborges.com\\\/web\\\/#website\",\"url\":\"https:\\\/\\\/larreborges.com\\\/web\\\/\",\"name\":\"Instituci\u00f3n Atl\u00e9tica Larre Borges\",\"description\":\"Escuela de b\u00e1squet y deportes\",\"potentialAction\":[{\"@type\":\"SearchAction\",\"target\":{\"@type\":\"EntryPoint\",\"urlTemplate\":\"https:\\\/\\\/larreborges.com\\\/web\\\/?s={search_term_string}\"},\"query-input\":{\"@type\":\"PropertyValueSpecification\",\"valueRequired\":true,\"valueName\":\"search_term_string\"}}],\"inLanguage\":\"es\"}]}<\/script>\n<!-- \/ Yoast SEO plugin. -->","yoast_head_json":{"title":"Camiseta Oficial 2025 - Instituci\u00f3n Atl\u00e9tica Larre Borges","robots":{"index":"index","follow":"follow","max-snippet":"max-snippet:-1","max-image-preview":"max-image-preview:large","max-video-preview":"max-video-preview:-1"},"canonical":"https:\/\/larreborges.com\/web\/producto\/camiseta-oficial-2025\/","og_locale":"es_ES","og_type":"article","og_title":"Camiseta Oficial 2025 - Instituci\u00f3n Atl\u00e9tica Larre Borges","og_description":"Camiseta oficial Larre Borges 2025","og_url":"https:\/\/larreborges.com\/web\/producto\/camiseta-oficial-2025\/","og_site_name":"Instituci\u00f3n Atl\u00e9tica Larre Borges","article_modified_time":"2026-01-22T17:56:39+00:00","og_image":[{"width":1080,"height":1080,"url":"https:\/\/larreborges.com\/web\/wp-content\/uploads\/2025\/12\/camiseta-oficial-2025-larre-borges.jpg","type":"image\/jpeg"}],"twitter_card":"summary_large_image","twitter_misc":{"Tiempo de lectura":"1 minuto"},"schema":{"@context":"https:\/\/schema.org","@graph":[{"@type":"WebPage","@id":"https:\/\/larreborges.com\/web\/producto\/camiseta-oficial-2025\/","url":"https:\/\/larreborges.com\/web\/producto\/camiseta-oficial-2025\/","name":"Camiseta Oficial 2025 - Instituci\u00f3n Atl\u00e9tica Larre Borges","isPartOf":{"@id":"https:\/\/larreborges.com\/web\/#website"},"primaryImageOfPage":{"@id":"https:\/\/larreborges.com\/web\/producto\/camiseta-oficial-2025\/#primaryimage"},"image":{"@id":"https:\/\/larreborges.com\/web\/producto\/camiseta-oficial-2025\/#primaryimage"},"thumbnailUrl":"https:\/\/larreborges.com\/web\/wp-content\/uploads\/2025\/12\/camiseta-oficial-2025-larre-borges.jpg","datePublished":"2025-12-15T14:16:34+00:00","dateModified":"2026-01-22T17:56:39+00:00","breadcrumb":{"@id":"https:\/\/larreborges.com\/web\/producto\/camiseta-oficial-2025\/#breadcrumb"},"inLanguage":"es","potentialAction":[{"@type":"ReadAction","target":["https:\/\/larreborges.com\/web\/producto\/camiseta-oficial-2025\/"]}]},{"@type":"ImageObject","inLanguage":"es","@id":"https:\/\/larreborges.com\/web\/producto\/camiseta-oficial-2025\/#primaryimage","url":"https:\/\/larreborges.com\/web\/wp-content\/uploads\/2025\/12\/camiseta-oficial-2025-larre-borges.jpg","contentUrl":"https:\/\/larreborges.com\/web\/wp-content\/uploads\/2025\/12\/camiseta-oficial-2025-larre-borges.jpg","width":1080,"height":1080},{"@type":"BreadcrumbList","@id":"https:\/\/larreborges.com\/web\/producto\/camiseta-oficial-2025\/#breadcrumb","itemListElement":[{"@type":"ListItem","position":1,"name":"Portada","item":"https:\/\/larreborges.com\/web\/"},{"@type":"ListItem","position":2,"name":"Tienda","item":"https:\/\/larreborges.com\/web\/tienda\/"},{"@type":"ListItem","position":3,"name":"Camiseta Oficial 2025"}]},{"@type":"WebSite","@id":"https:\/\/larreborges.com\/web\/#website","url":"https:\/\/larreborges.com\/web\/","name":"Instituci\u00f3n Atl\u00e9tica Larre Borges","description":"Escuela de b\u00e1squet y deportes","potentialAction":[{"@type":"SearchAction","target":{"@type":"EntryPoint","urlTemplate":"https:\/\/larreborges.com\/web\/?s={search_term_string}"},"query-input":{"@type":"PropertyValueSpecification","valueRequired":true,"valueName":"search_term_string"}}],"inLanguage":"es"}]}},"_links":{"self":[{"href":"https:\/\/larreborges.com\/web\/wp-json\/wp\/v2\/product\/5336","targetHints":{"allow":["GET"]}}],"collection":[{"href":"https:\/\/larreborges.com\/web\/wp-json\/wp\/v2\/product"}],"about":[{"href":"https:\/\/larreborges.com\/web\/wp-json\/wp\/v2\/types\/product"}],"replies":[{"embeddable":true,"href":"https:\/\/larreborges.com\/web\/wp-json\/wp\/v2\/comments?post=5336"}],"wp:featuredmedia":[{"embeddable":true,"href":"https:\/\/larreborges.com\/web\/wp-json\/wp\/v2\/media\/5393"}],"wp:attachment":[{"href":"https:\/\/larreborges.com\/web\/wp-json\/wp\/v2\/media?parent=5336"}],"wp:term":[{"taxonomy":"product_brand","embeddable":true,"href":"https:\/\/larreborges.com\/web\/wp-json\/wp\/v2\/product_brand?post=5336"},{"taxonomy":"product_cat","embeddable":true,"href":"https:\/\/larreborges.com\/web\/wp-json\/wp\/v2\/product_cat?post=5336"},{"taxonomy":"product_tag","embeddable":true,"href":"https:\/\/larreborges.com\/web\/wp-json\/wp\/v2\/product_tag?post=5336"}],"curies":[{"name":"wp","href":"https:\/\/api.w.org\/{rel}","templated":true}]}}