{"id":510,"date":"2018-12-04T09:20:15","date_gmt":"2018-12-04T09:20:15","guid":{"rendered":"http:\/\/larreborges.com\/?page_id=510"},"modified":"2018-12-04T09:20:15","modified_gmt":"2018-12-04T09:20:15","slug":"formativas","status":"publish","type":"page","link":"https:\/\/larreborges.com\/web\/formativas\/","title":{"rendered":"Formativas"},"content":{"rendered":"\t\t<div data-elementor-type=\"wp-post\" data-elementor-id=\"510\" class=\"elementor elementor-510\" data-elementor-post-type=\"page\">\n\t\t\t\t\t\t<section class=\"elementor-section elementor-top-section elementor-element elementor-element-ae4c21e elementor-section-boxed elementor-section-height-default elementor-section-height-default wpr-particle-no wpr-jarallax-no wpr-parallax-no wpr-sticky-section-no\" data-id=\"ae4c21e\" data-element_type=\"section\" data-e-type=\"section\">\n\t\t\t\t\t\t<div class=\"elementor-container elementor-column-gap-default\">\n\t\t\t\t\t<div class=\"elementor-column elementor-col-100 elementor-top-column elementor-element elementor-element-14b68d2\" data-id=\"14b68d2\" data-element_type=\"column\" data-e-type=\"column\">\n\t\t\t<div class=\"elementor-widget-wrap elementor-element-populated\">\n\t\t\t\t\t\t<div class=\"elementor-element elementor-element-5d2f458 elementor-widget elementor-widget-spacer\" data-id=\"5d2f458\" data-element_type=\"widget\" data-e-type=\"widget\" data-widget_type=\"spacer.default\">\n\t\t\t\t<div class=\"elementor-widget-container\">\n\t\t\t\t\t\t\t<div class=\"elementor-spacer\">\n\t\t\t<div class=\"elementor-spacer-inner\"><\/div>\n\t\t<\/div>\n\t\t\t\t\t\t<\/div>\n\t\t\t\t<\/div>\n\t\t\t\t\t<\/div>\n\t\t<\/div>\n\t\t\t\t\t<\/div>\n\t\t<\/section>\n\t\t\t\t<section class=\"elementor-section elementor-top-section elementor-element elementor-element-185b911 elementor-section-boxed elementor-section-height-default elementor-section-height-default wpr-particle-no wpr-jarallax-no wpr-parallax-no wpr-sticky-section-no\" data-id=\"185b911\" data-element_type=\"section\" data-e-type=\"section\">\n\t\t\t\t\t\t<div class=\"elementor-container elementor-column-gap-default\">\n\t\t\t\t\t<div class=\"elementor-column elementor-col-100 elementor-top-column elementor-element elementor-element-88099cc\" data-id=\"88099cc\" data-element_type=\"column\" data-e-type=\"column\">\n\t\t\t<div class=\"elementor-widget-wrap elementor-element-populated\">\n\t\t\t\t\t\t<div class=\"elementor-element elementor-element-db55b53 elementor-widget elementor-widget-spacer\" data-id=\"db55b53\" data-element_type=\"widget\" data-e-type=\"widget\" data-widget_type=\"spacer.default\">\n\t\t\t\t<div class=\"elementor-widget-container\">\n\t\t\t\t\t\t\t<div class=\"elementor-spacer\">\n\t\t\t<div class=\"elementor-spacer-inner\"><\/div>\n\t\t<\/div>\n\t\t\t\t\t\t<\/div>\n\t\t\t\t<\/div>\n\t\t\t\t<div class=\"elementor-element elementor-element-40ae84b elementor-widget elementor-widget-spacer\" data-id=\"40ae84b\" data-element_type=\"widget\" data-e-type=\"widget\" data-widget_type=\"spacer.default\">\n\t\t\t\t<div class=\"elementor-widget-container\">\n\t\t\t\t\t\t\t<div class=\"elementor-spacer\">\n\t\t\t<div class=\"elementor-spacer-inner\"><\/div>\n\t\t<\/div>\n\t\t\t\t\t\t<\/div>\n\t\t\t\t<\/div>\n\t\t\t\t<div class=\"elementor-element elementor-element-64fdf59 elementor-widget elementor-widget-spacer\" data-id=\"64fdf59\" data-element_type=\"widget\" data-e-type=\"widget\" data-widget_type=\"spacer.default\">\n\t\t\t\t<div class=\"elementor-widget-container\">\n\t\t\t\t\t\t\t<div class=\"elementor-spacer\">\n\t\t\t<div class=\"elementor-spacer-inner\"><\/div>\n\t\t<\/div>\n\t\t\t\t\t\t<\/div>\n\t\t\t\t<\/div>\n\t\t\t\t\t<\/div>\n\t\t<\/div>\n\t\t\t\t\t<\/div>\n\t\t<\/section>\n\t\t\t\t<section class=\"elementor-section elementor-top-section elementor-element elementor-element-3e9d9d2 elementor-section-stretched elementor-section-boxed elementor-section-height-default elementor-section-height-default wpr-particle-no wpr-jarallax-no wpr-parallax-no wpr-sticky-section-no\" data-id=\"3e9d9d2\" data-element_type=\"section\" data-e-type=\"section\" data-settings=\"{&quot;stretch_section&quot;:&quot;section-stretched&quot;,&quot;background_background&quot;:&quot;classic&quot;}\">\n\t\t\t\t\t\t<div class=\"elementor-container elementor-column-gap-default\">\n\t\t\t\t\t<div class=\"elementor-column elementor-col-100 elementor-top-column elementor-element elementor-element-eed6f3d\" data-id=\"eed6f3d\" data-element_type=\"column\" data-e-type=\"column\">\n\t\t\t<div class=\"elementor-widget-wrap elementor-element-populated\">\n\t\t\t\t\t\t<div class=\"elementor-element elementor-element-284c43f elementor-widget elementor-widget-spacer\" data-id=\"284c43f\" data-element_type=\"widget\" data-e-type=\"widget\" data-widget_type=\"spacer.default\">\n\t\t\t\t<div class=\"elementor-widget-container\">\n\t\t\t\t\t\t\t<div class=\"elementor-spacer\">\n\t\t\t<div class=\"elementor-spacer-inner\"><\/div>\n\t\t<\/div>\n\t\t\t\t\t\t<\/div>\n\t\t\t\t<\/div>\n\t\t\t\t<div class=\"elementor-element elementor-element-e65c953 elementor-widget elementor-widget-spacer\" data-id=\"e65c953\" data-element_type=\"widget\" data-e-type=\"widget\" data-widget_type=\"spacer.default\">\n\t\t\t\t<div class=\"elementor-widget-container\">\n\t\t\t\t\t\t\t<div class=\"elementor-spacer\">\n\t\t\t<div class=\"elementor-spacer-inner\"><\/div>\n\t\t<\/div>\n\t\t\t\t\t\t<\/div>\n\t\t\t\t<\/div>\n\t\t\t\t<div class=\"elementor-element elementor-element-6803a8e elementor-widget elementor-widget-spacer\" data-id=\"6803a8e\" data-element_type=\"widget\" data-e-type=\"widget\" data-widget_type=\"spacer.default\">\n\t\t\t\t<div class=\"elementor-widget-container\">\n\t\t\t\t\t\t\t<div class=\"elementor-spacer\">\n\t\t\t<div class=\"elementor-spacer-inner\"><\/div>\n\t\t<\/div>\n\t\t\t\t\t\t<\/div>\n\t\t\t\t<\/div>\n\t\t\t\t\t<\/div>\n\t\t<\/div>\n\t\t\t\t\t<\/div>\n\t\t<\/section>\n\t\t\t\t<section class=\"elementor-section elementor-top-section elementor-element elementor-element-fd66a28 elementor-section-stretched elementor-section-boxed elementor-section-height-default elementor-section-height-default wpr-particle-no wpr-jarallax-no wpr-parallax-no wpr-sticky-section-no\" data-id=\"fd66a28\" data-element_type=\"section\" data-e-type=\"section\" data-settings=\"{&quot;stretch_section&quot;:&quot;section-stretched&quot;,&quot;background_background&quot;:&quot;classic&quot;}\">\n\t\t\t\t\t\t<div class=\"elementor-container elementor-column-gap-default\">\n\t\t\t\t\t<div class=\"elementor-column elementor-col-100 elementor-top-column elementor-element elementor-element-c0a9989\" data-id=\"c0a9989\" data-element_type=\"column\" data-e-type=\"column\">\n\t\t\t<div class=\"elementor-widget-wrap elementor-element-populated\">\n\t\t\t\t\t\t<div class=\"elementor-element elementor-element-7b248c4 elementor-widget elementor-widget-spacer\" data-id=\"7b248c4\" data-element_type=\"widget\" data-e-type=\"widget\" data-widget_type=\"spacer.default\">\n\t\t\t\t<div class=\"elementor-widget-container\">\n\t\t\t\t\t\t\t<div class=\"elementor-spacer\">\n\t\t\t<div class=\"elementor-spacer-inner\"><\/div>\n\t\t<\/div>\n\t\t\t\t\t\t<\/div>\n\t\t\t\t<\/div>\n\t\t\t\t<div class=\"elementor-element elementor-element-8e50dcb elementor-widget elementor-widget-spacer\" data-id=\"8e50dcb\" data-element_type=\"widget\" data-e-type=\"widget\" data-widget_type=\"spacer.default\">\n\t\t\t\t<div class=\"elementor-widget-container\">\n\t\t\t\t\t\t\t<div class=\"elementor-spacer\">\n\t\t\t<div class=\"elementor-spacer-inner\"><\/div>\n\t\t<\/div>\n\t\t\t\t\t\t<\/div>\n\t\t\t\t<\/div>\n\t\t\t\t\t<\/div>\n\t\t<\/div>\n\t\t\t\t\t<\/div>\n\t\t<\/section>\n\t\t\t\t<\/div>\n\t\t","protected":false},"excerpt":{"rendered":"<p>welcome Tornados Basketball Academy Cras placerat pulvinar libero quis pellentesque. Duis lorem nibh, commodo sed consectetur ut, auctor vitae metus. Proin sed enim orci. In gravida volutpat felis ultrices et pellentesque. Phasellus luctus diam eu felis congue, sed faucibus elit imperdiet. Sed eu fermentum tortor. Donec bibendum nisi sit amet ex accumsan posuere. trainers coaching staff Simon Richards Trainer Peter Jackson Trainer Fred Lewis Trainer our classes Whether it&#8217;s preschool or afterschool, we have it all! Preschool Training Program 3-7 Age 5 Locations Tornados Basketball School\u2019s training program has been designed especially for working with children aged 3 to 7 years. Read More Afterschool Training Program 6-11 Age 2 Locations Afterschool training has been developed from the American Basketball Association\u2019s training guidelines Read More Holiday Camps Holiday and Summer Camps 4-17 Age 6 Camps The training (holiday) camps incorporate fun, activities, and games that enable your child to enjoy their summer holidays. Read More Basketball Club Experience Playing Real Football Any Age Team Size We run a number different teams based on age so that our children can play more structured basketball with their friends Read More Preschool Training Program 3-7 Age 5 Locations More Afterschool Training Program 6-11 Age 2 Locations More Holiday Camps Holiday and Summer Camps 4-17 Age 6 Camps More Basketball Club Experience Playing Real Football Any Age Team Size More<\/p>\n","protected":false},"author":2,"featured_media":0,"parent":0,"menu_order":0,"comment_status":"closed","ping_status":"closed","template":"","meta":{"_joinchat":[],"footnotes":""},"class_list":["post-510","page","type-page","status-publish","hentry"],"yoast_head":"<!-- This site is optimized with the Yoast SEO plugin v27.3 - https:\/\/yoast.com\/product\/yoast-seo-wordpress\/ -->\n<title>Formativas - Instituci\u00f3n Atl\u00e9tica Larre Borges<\/title>\n<meta name=\"robots\" content=\"index, follow, max-snippet:-1, max-image-preview:large, max-video-preview:-1\" \/>\n<link rel=\"canonical\" href=\"https:\/\/larreborges.com\/web\/formativas\/\" \/>\n<meta property=\"og:locale\" content=\"es_ES\" \/>\n<meta property=\"og:type\" content=\"article\" \/>\n<meta property=\"og:title\" content=\"Formativas - Instituci\u00f3n Atl\u00e9tica Larre Borges\" \/>\n<meta property=\"og:description\" content=\"welcome Tornados Basketball Academy Cras placerat pulvinar libero quis pellentesque. Duis lorem nibh, commodo sed consectetur ut, auctor vitae metus. Proin sed enim orci. In gravida volutpat felis ultrices et pellentesque. Phasellus luctus diam eu felis congue, sed faucibus elit imperdiet. Sed eu fermentum tortor. Donec bibendum nisi sit amet ex accumsan posuere. trainers coaching staff Simon Richards Trainer Peter Jackson Trainer Fred Lewis Trainer our classes Whether it&#8217;s preschool or afterschool, we have it all! Preschool Training Program 3-7 Age 5 Locations Tornados Basketball School\u2019s training program has been designed especially for working with children aged 3 to 7 years. Read More Afterschool Training Program 6-11 Age 2 Locations Afterschool training has been developed from the American Basketball Association\u2019s training guidelines Read More Holiday Camps Holiday and Summer Camps 4-17 Age 6 Camps The training (holiday) camps incorporate fun, activities, and games that enable your child to enjoy their summer holidays. Read More Basketball Club Experience Playing Real Football Any Age Team Size We run a number different teams based on age so that our children can play more structured basketball with their friends Read More Preschool Training Program 3-7 Age 5 Locations More Afterschool Training Program 6-11 Age 2 Locations More Holiday Camps Holiday and Summer Camps 4-17 Age 6 Camps More Basketball Club Experience Playing Real Football Any Age Team Size More\" \/>\n<meta property=\"og:url\" content=\"https:\/\/larreborges.com\/web\/formativas\/\" \/>\n<meta property=\"og:site_name\" content=\"Instituci\u00f3n Atl\u00e9tica Larre Borges\" \/>\n<meta property=\"og:image\" content=\"http:\/\/larreborges.com\/wp-content\/uploads\/2018\/12\/staff1-copyright-650x720.jpg\" \/>\n<meta name=\"twitter:card\" content=\"summary_large_image\" \/>\n<meta name=\"twitter:label1\" content=\"Tiempo de lectura\" \/>\n\t<meta name=\"twitter:data1\" content=\"1 minuto\" \/>\n<script type=\"application\/ld+json\" class=\"yoast-schema-graph\">{\"@context\":\"https:\\\/\\\/schema.org\",\"@graph\":[{\"@type\":\"WebPage\",\"@id\":\"https:\\\/\\\/larreborges.com\\\/web\\\/formativas\\\/\",\"url\":\"https:\\\/\\\/larreborges.com\\\/web\\\/formativas\\\/\",\"name\":\"Formativas - Instituci\u00f3n Atl\u00e9tica Larre Borges\",\"isPartOf\":{\"@id\":\"https:\\\/\\\/larreborges.com\\\/web\\\/#website\"},\"primaryImageOfPage\":{\"@id\":\"https:\\\/\\\/larreborges.com\\\/web\\\/formativas\\\/#primaryimage\"},\"image\":{\"@id\":\"https:\\\/\\\/larreborges.com\\\/web\\\/formativas\\\/#primaryimage\"},\"thumbnailUrl\":\"http:\\\/\\\/larreborges.com\\\/wp-content\\\/uploads\\\/2018\\\/12\\\/staff1-copyright-650x720.jpg\",\"datePublished\":\"2018-12-04T09:20:15+00:00\",\"breadcrumb\":{\"@id\":\"https:\\\/\\\/larreborges.com\\\/web\\\/formativas\\\/#breadcrumb\"},\"inLanguage\":\"es\",\"potentialAction\":[{\"@type\":\"ReadAction\",\"target\":[\"https:\\\/\\\/larreborges.com\\\/web\\\/formativas\\\/\"]}]},{\"@type\":\"ImageObject\",\"inLanguage\":\"es\",\"@id\":\"https:\\\/\\\/larreborges.com\\\/web\\\/formativas\\\/#primaryimage\",\"url\":\"http:\\\/\\\/larreborges.com\\\/wp-content\\\/uploads\\\/2018\\\/12\\\/staff1-copyright-650x720.jpg\",\"contentUrl\":\"http:\\\/\\\/larreborges.com\\\/wp-content\\\/uploads\\\/2018\\\/12\\\/staff1-copyright-650x720.jpg\"},{\"@type\":\"BreadcrumbList\",\"@id\":\"https:\\\/\\\/larreborges.com\\\/web\\\/formativas\\\/#breadcrumb\",\"itemListElement\":[{\"@type\":\"ListItem\",\"position\":1,\"name\":\"Portada\",\"item\":\"https:\\\/\\\/larreborges.com\\\/web\\\/\"},{\"@type\":\"ListItem\",\"position\":2,\"name\":\"Formativas\"}]},{\"@type\":\"WebSite\",\"@id\":\"https:\\\/\\\/larreborges.com\\\/web\\\/#website\",\"url\":\"https:\\\/\\\/larreborges.com\\\/web\\\/\",\"name\":\"Instituci\u00f3n Atl\u00e9tica Larre Borges\",\"description\":\"Escuela de b\u00e1squet y deportes\",\"potentialAction\":[{\"@type\":\"SearchAction\",\"target\":{\"@type\":\"EntryPoint\",\"urlTemplate\":\"https:\\\/\\\/larreborges.com\\\/web\\\/?s={search_term_string}\"},\"query-input\":{\"@type\":\"PropertyValueSpecification\",\"valueRequired\":true,\"valueName\":\"search_term_string\"}}],\"inLanguage\":\"es\"}]}<\/script>\n<!-- \/ Yoast SEO plugin. -->","yoast_head_json":{"title":"Formativas - Instituci\u00f3n Atl\u00e9tica Larre Borges","robots":{"index":"index","follow":"follow","max-snippet":"max-snippet:-1","max-image-preview":"max-image-preview:large","max-video-preview":"max-video-preview:-1"},"canonical":"https:\/\/larreborges.com\/web\/formativas\/","og_locale":"es_ES","og_type":"article","og_title":"Formativas - Instituci\u00f3n Atl\u00e9tica Larre Borges","og_description":"welcome Tornados Basketball Academy Cras placerat pulvinar libero quis pellentesque. Duis lorem nibh, commodo sed consectetur ut, auctor vitae metus. Proin sed enim orci. In gravida volutpat felis ultrices et pellentesque. Phasellus luctus diam eu felis congue, sed faucibus elit imperdiet. Sed eu fermentum tortor. Donec bibendum nisi sit amet ex accumsan posuere. trainers coaching staff Simon Richards Trainer Peter Jackson Trainer Fred Lewis Trainer our classes Whether it&#8217;s preschool or afterschool, we have it all! Preschool Training Program 3-7 Age 5 Locations Tornados Basketball School\u2019s training program has been designed especially for working with children aged 3 to 7 years. Read More Afterschool Training Program 6-11 Age 2 Locations Afterschool training has been developed from the American Basketball Association\u2019s training guidelines Read More Holiday Camps Holiday and Summer Camps 4-17 Age 6 Camps The training (holiday) camps incorporate fun, activities, and games that enable your child to enjoy their summer holidays. Read More Basketball Club Experience Playing Real Football Any Age Team Size We run a number different teams based on age so that our children can play more structured basketball with their friends Read More Preschool Training Program 3-7 Age 5 Locations More Afterschool Training Program 6-11 Age 2 Locations More Holiday Camps Holiday and Summer Camps 4-17 Age 6 Camps More Basketball Club Experience Playing Real Football Any Age Team Size More","og_url":"https:\/\/larreborges.com\/web\/formativas\/","og_site_name":"Instituci\u00f3n Atl\u00e9tica Larre Borges","og_image":[{"url":"http:\/\/larreborges.com\/wp-content\/uploads\/2018\/12\/staff1-copyright-650x720.jpg","type":"","width":"","height":""}],"twitter_card":"summary_large_image","twitter_misc":{"Tiempo de lectura":"1 minuto"},"schema":{"@context":"https:\/\/schema.org","@graph":[{"@type":"WebPage","@id":"https:\/\/larreborges.com\/web\/formativas\/","url":"https:\/\/larreborges.com\/web\/formativas\/","name":"Formativas - Instituci\u00f3n Atl\u00e9tica Larre Borges","isPartOf":{"@id":"https:\/\/larreborges.com\/web\/#website"},"primaryImageOfPage":{"@id":"https:\/\/larreborges.com\/web\/formativas\/#primaryimage"},"image":{"@id":"https:\/\/larreborges.com\/web\/formativas\/#primaryimage"},"thumbnailUrl":"http:\/\/larreborges.com\/wp-content\/uploads\/2018\/12\/staff1-copyright-650x720.jpg","datePublished":"2018-12-04T09:20:15+00:00","breadcrumb":{"@id":"https:\/\/larreborges.com\/web\/formativas\/#breadcrumb"},"inLanguage":"es","potentialAction":[{"@type":"ReadAction","target":["https:\/\/larreborges.com\/web\/formativas\/"]}]},{"@type":"ImageObject","inLanguage":"es","@id":"https:\/\/larreborges.com\/web\/formativas\/#primaryimage","url":"http:\/\/larreborges.com\/wp-content\/uploads\/2018\/12\/staff1-copyright-650x720.jpg","contentUrl":"http:\/\/larreborges.com\/wp-content\/uploads\/2018\/12\/staff1-copyright-650x720.jpg"},{"@type":"BreadcrumbList","@id":"https:\/\/larreborges.com\/web\/formativas\/#breadcrumb","itemListElement":[{"@type":"ListItem","position":1,"name":"Portada","item":"https:\/\/larreborges.com\/web\/"},{"@type":"ListItem","position":2,"name":"Formativas"}]},{"@type":"WebSite","@id":"https:\/\/larreborges.com\/web\/#website","url":"https:\/\/larreborges.com\/web\/","name":"Instituci\u00f3n Atl\u00e9tica Larre Borges","description":"Escuela de b\u00e1squet y deportes","potentialAction":[{"@type":"SearchAction","target":{"@type":"EntryPoint","urlTemplate":"https:\/\/larreborges.com\/web\/?s={search_term_string}"},"query-input":{"@type":"PropertyValueSpecification","valueRequired":true,"valueName":"search_term_string"}}],"inLanguage":"es"}]}},"_links":{"self":[{"href":"https:\/\/larreborges.com\/web\/wp-json\/wp\/v2\/pages\/510","targetHints":{"allow":["GET"]}}],"collection":[{"href":"https:\/\/larreborges.com\/web\/wp-json\/wp\/v2\/pages"}],"about":[{"href":"https:\/\/larreborges.com\/web\/wp-json\/wp\/v2\/types\/page"}],"author":[{"embeddable":true,"href":"https:\/\/larreborges.com\/web\/wp-json\/wp\/v2\/users\/2"}],"replies":[{"embeddable":true,"href":"https:\/\/larreborges.com\/web\/wp-json\/wp\/v2\/comments?post=510"}],"version-history":[{"count":0,"href":"https:\/\/larreborges.com\/web\/wp-json\/wp\/v2\/pages\/510\/revisions"}],"wp:attachment":[{"href":"https:\/\/larreborges.com\/web\/wp-json\/wp\/v2\/media?parent=510"}],"curies":[{"name":"wp","href":"https:\/\/api.w.org\/{rel}","templated":true}]}}