{"id":288,"date":"2018-11-28T14:10:36","date_gmt":"2018-11-28T14:10:36","guid":{"rendered":"http:\/\/larreborges.com\/cart\/"},"modified":"2025-12-15T15:34:06","modified_gmt":"2025-12-15T15:34:06","slug":"cart","status":"publish","type":"page","link":"https:\/\/larreborges.com\/web\/cart\/","title":{"rendered":"Cart"},"content":{"rendered":"\t\t<div data-elementor-type=\"wp-page\" data-elementor-id=\"288\" class=\"elementor elementor-288\" data-elementor-post-type=\"page\">\n\t\t\t\t\t\t<section class=\"elementor-section elementor-top-section elementor-element elementor-element-2bb656e elementor-section-boxed elementor-section-height-default elementor-section-height-default wpr-particle-no wpr-jarallax-no wpr-parallax-no wpr-sticky-section-no\" data-id=\"2bb656e\" data-element_type=\"section\" data-e-type=\"section\" data-settings=\"{&quot;background_background&quot;:&quot;classic&quot;}\">\n\t\t\t\t\t\t\t<div class=\"elementor-background-overlay\"><\/div>\n\t\t\t\t\t\t\t<div class=\"elementor-container elementor-column-gap-default\">\n\t\t\t\t\t<div class=\"elementor-column elementor-col-100 elementor-top-column elementor-element elementor-element-7163252\" data-id=\"7163252\" data-element_type=\"column\" data-e-type=\"column\">\n\t\t\t<div class=\"elementor-widget-wrap elementor-element-populated\">\n\t\t\t\t\t\t\t<\/div>\n\t\t<\/div>\n\t\t\t\t\t<\/div>\n\t\t<\/section>\n\t\t\t\t<section class=\"elementor-section elementor-top-section elementor-element elementor-element-4b66b5de elementor-section-boxed elementor-section-height-default elementor-section-height-default wpr-particle-no wpr-jarallax-no wpr-parallax-no wpr-sticky-section-no\" data-id=\"4b66b5de\" data-element_type=\"section\" data-e-type=\"section\" data-settings=\"{&quot;background_background&quot;:&quot;classic&quot;}\">\n\t\t\t\t\t\t<div class=\"elementor-container elementor-column-gap-default\">\n\t\t\t\t\t<div class=\"elementor-column elementor-col-100 elementor-top-column elementor-element elementor-element-c4ded4a\" data-id=\"c4ded4a\" data-element_type=\"column\" data-e-type=\"column\">\n\t\t\t<div class=\"elementor-widget-wrap elementor-element-populated\">\n\t\t\t\t\t\t<div class=\"elementor-element elementor-element-9885aa7 wpr-cart-vertical wpr-checkout-flex-end elementor-widget elementor-widget-wpr-page-cart\" data-id=\"9885aa7\" data-element_type=\"widget\" data-e-type=\"widget\" data-widget_type=\"wpr-page-cart.default\">\n\t\t\t\t<div class=\"elementor-widget-container\">\n\t\t\t\t\t<div class=\"woocommerce\"><div class=\"woocommerce-notices-wrapper\"><\/div><div class=\"wc-empty-cart-message\">\n\t<div class=\"cart-empty woocommerce-info\">\n\t\tTu carrito est\u00e1 vac\u00edo.\t<\/div>\n<\/div>\t<p class=\"return-to-shop\">\n\t\t<a class=\"button wc-backward\" href=\"https:\/\/larreborges.com\/web\/tienda\/\">\n\t\t\tVolver a la tienda\t\t<\/a>\n\t<\/p>\n<\/div>\t\t\t\t<\/div>\n\t\t\t\t<\/div>\n\t\t\t\t\t<\/div>\n\t\t<\/div>\n\t\t\t\t\t<\/div>\n\t\t<\/section>\n\t\t\t\t<section class=\"elementor-section elementor-top-section elementor-element elementor-element-d43ceb5 elementor-section-boxed elementor-section-height-default elementor-section-height-default wpr-particle-no wpr-jarallax-no wpr-parallax-no wpr-sticky-section-no\" data-id=\"d43ceb5\" data-element_type=\"section\" data-e-type=\"section\">\n\t\t\t\t\t\t<div class=\"elementor-container elementor-column-gap-default\">\n\t\t\t\t\t<div class=\"elementor-column elementor-col-100 elementor-top-column elementor-element elementor-element-f45f65e\" data-id=\"f45f65e\" data-element_type=\"column\" data-e-type=\"column\">\n\t\t\t<div class=\"elementor-widget-wrap\">\n\t\t\t\t\t\t\t<\/div>\n\t\t<\/div>\n\t\t\t\t\t<\/div>\n\t\t<\/section>\n\t\t\t\t<\/div>\n\t\t","protected":false},"excerpt":{"rendered":"<p>&nbsp; Producto &nbsp; Precio Cantidad Subtotal &times; Camiseta Alternativa Gris &#8211; XL &#36;&nbsp;1.500,00 Camiseta Alternativa Gris &#8211; XL cantidad &#36;&nbsp;1.500,00 Actualizar carrito Aplicar cup\u00f3n Precio total Subtotal &#36;&nbsp;1.500,00 Total &#36;&nbsp;1.500,00 Ir a pagar<\/p>\n","protected":false},"author":2,"featured_media":0,"parent":0,"menu_order":0,"comment_status":"closed","ping_status":"closed","template":"elementor_header_footer","meta":{"_joinchat":[],"footnotes":""},"class_list":["post-288","page","type-page","status-publish","hentry"],"yoast_head":"<!-- This site is optimized with the Yoast SEO plugin v27.3 - https:\/\/yoast.com\/product\/yoast-seo-wordpress\/ -->\n<title>Cart - Instituci\u00f3n Atl\u00e9tica Larre Borges<\/title>\n<meta name=\"robots\" content=\"index, follow, max-snippet:-1, max-image-preview:large, max-video-preview:-1\" \/>\n<link rel=\"canonical\" href=\"https:\/\/larreborges.com\/web\/cart\/\" \/>\n<meta property=\"og:locale\" content=\"es_ES\" \/>\n<meta property=\"og:type\" content=\"article\" \/>\n<meta property=\"og:title\" content=\"Cart - Instituci\u00f3n Atl\u00e9tica Larre Borges\" \/>\n<meta property=\"og:description\" content=\"&nbsp; Producto &nbsp; Precio Cantidad Subtotal &times; Camiseta Alternativa Gris &#8211; XL &#036;&nbsp;1.500,00 Camiseta Alternativa Gris &#8211; XL cantidad &#036;&nbsp;1.500,00 Actualizar carrito Aplicar cup\u00f3n Precio total Subtotal &#036;&nbsp;1.500,00 Total &#036;&nbsp;1.500,00 Ir a pagar\" \/>\n<meta property=\"og:url\" content=\"https:\/\/larreborges.com\/web\/cart\/\" \/>\n<meta property=\"og:site_name\" content=\"Instituci\u00f3n Atl\u00e9tica Larre Borges\" \/>\n<meta property=\"article:modified_time\" content=\"2025-12-15T15:34:06+00:00\" \/>\n<meta property=\"og:image\" content=\"https:\/\/larreborges.com\/web\/wp-content\/uploads\/2025\/12\/camiseta-alternativa-2025-larre-borges-300x300.jpg\" \/>\n<meta name=\"twitter:card\" content=\"summary_large_image\" \/>\n<meta name=\"twitter:label1\" content=\"Tiempo de lectura\" \/>\n\t<meta name=\"twitter:data1\" content=\"1 minuto\" \/>\n<script type=\"application\/ld+json\" class=\"yoast-schema-graph\">{\"@context\":\"https:\\\/\\\/schema.org\",\"@graph\":[{\"@type\":\"WebPage\",\"@id\":\"https:\\\/\\\/larreborges.com\\\/web\\\/cart\\\/\",\"url\":\"https:\\\/\\\/larreborges.com\\\/web\\\/cart\\\/\",\"name\":\"Cart - Instituci\u00f3n Atl\u00e9tica Larre Borges\",\"isPartOf\":{\"@id\":\"https:\\\/\\\/larreborges.com\\\/web\\\/#website\"},\"primaryImageOfPage\":{\"@id\":\"https:\\\/\\\/larreborges.com\\\/web\\\/cart\\\/#primaryimage\"},\"image\":{\"@id\":\"https:\\\/\\\/larreborges.com\\\/web\\\/cart\\\/#primaryimage\"},\"thumbnailUrl\":\"https:\\\/\\\/larreborges.com\\\/web\\\/wp-content\\\/uploads\\\/2025\\\/12\\\/camiseta-alternativa-2025-larre-borges-300x300.jpg\",\"datePublished\":\"2018-11-28T14:10:36+00:00\",\"dateModified\":\"2025-12-15T15:34:06+00:00\",\"breadcrumb\":{\"@id\":\"https:\\\/\\\/larreborges.com\\\/web\\\/cart\\\/#breadcrumb\"},\"inLanguage\":\"es\",\"potentialAction\":[{\"@type\":\"ReadAction\",\"target\":[\"https:\\\/\\\/larreborges.com\\\/web\\\/cart\\\/\"]}]},{\"@type\":\"ImageObject\",\"inLanguage\":\"es\",\"@id\":\"https:\\\/\\\/larreborges.com\\\/web\\\/cart\\\/#primaryimage\",\"url\":\"https:\\\/\\\/larreborges.com\\\/web\\\/wp-content\\\/uploads\\\/2025\\\/12\\\/camiseta-alternativa-2025-larre-borges.jpg\",\"contentUrl\":\"https:\\\/\\\/larreborges.com\\\/web\\\/wp-content\\\/uploads\\\/2025\\\/12\\\/camiseta-alternativa-2025-larre-borges.jpg\",\"width\":1080,\"height\":1080},{\"@type\":\"BreadcrumbList\",\"@id\":\"https:\\\/\\\/larreborges.com\\\/web\\\/cart\\\/#breadcrumb\",\"itemListElement\":[{\"@type\":\"ListItem\",\"position\":1,\"name\":\"Portada\",\"item\":\"https:\\\/\\\/larreborges.com\\\/web\\\/\"},{\"@type\":\"ListItem\",\"position\":2,\"name\":\"Cart\"}]},{\"@type\":\"WebSite\",\"@id\":\"https:\\\/\\\/larreborges.com\\\/web\\\/#website\",\"url\":\"https:\\\/\\\/larreborges.com\\\/web\\\/\",\"name\":\"Instituci\u00f3n Atl\u00e9tica Larre Borges\",\"description\":\"Escuela de b\u00e1squet y deportes\",\"potentialAction\":[{\"@type\":\"SearchAction\",\"target\":{\"@type\":\"EntryPoint\",\"urlTemplate\":\"https:\\\/\\\/larreborges.com\\\/web\\\/?s={search_term_string}\"},\"query-input\":{\"@type\":\"PropertyValueSpecification\",\"valueRequired\":true,\"valueName\":\"search_term_string\"}}],\"inLanguage\":\"es\"}]}<\/script>\n<!-- \/ Yoast SEO plugin. -->","yoast_head_json":{"title":"Cart - Instituci\u00f3n Atl\u00e9tica Larre Borges","robots":{"index":"index","follow":"follow","max-snippet":"max-snippet:-1","max-image-preview":"max-image-preview:large","max-video-preview":"max-video-preview:-1"},"canonical":"https:\/\/larreborges.com\/web\/cart\/","og_locale":"es_ES","og_type":"article","og_title":"Cart - Instituci\u00f3n Atl\u00e9tica Larre Borges","og_description":"&nbsp; Producto &nbsp; Precio Cantidad Subtotal &times; Camiseta Alternativa Gris &#8211; XL &#36;&nbsp;1.500,00 Camiseta Alternativa Gris &#8211; XL cantidad &#36;&nbsp;1.500,00 Actualizar carrito Aplicar cup\u00f3n Precio total Subtotal &#36;&nbsp;1.500,00 Total &#36;&nbsp;1.500,00 Ir a pagar","og_url":"https:\/\/larreborges.com\/web\/cart\/","og_site_name":"Instituci\u00f3n Atl\u00e9tica Larre Borges","article_modified_time":"2025-12-15T15:34:06+00:00","og_image":[{"url":"https:\/\/larreborges.com\/web\/wp-content\/uploads\/2025\/12\/camiseta-alternativa-2025-larre-borges-300x300.jpg","type":"","width":"","height":""}],"twitter_card":"summary_large_image","twitter_misc":{"Tiempo de lectura":"1 minuto"},"schema":{"@context":"https:\/\/schema.org","@graph":[{"@type":"WebPage","@id":"https:\/\/larreborges.com\/web\/cart\/","url":"https:\/\/larreborges.com\/web\/cart\/","name":"Cart - Instituci\u00f3n Atl\u00e9tica Larre Borges","isPartOf":{"@id":"https:\/\/larreborges.com\/web\/#website"},"primaryImageOfPage":{"@id":"https:\/\/larreborges.com\/web\/cart\/#primaryimage"},"image":{"@id":"https:\/\/larreborges.com\/web\/cart\/#primaryimage"},"thumbnailUrl":"https:\/\/larreborges.com\/web\/wp-content\/uploads\/2025\/12\/camiseta-alternativa-2025-larre-borges-300x300.jpg","datePublished":"2018-11-28T14:10:36+00:00","dateModified":"2025-12-15T15:34:06+00:00","breadcrumb":{"@id":"https:\/\/larreborges.com\/web\/cart\/#breadcrumb"},"inLanguage":"es","potentialAction":[{"@type":"ReadAction","target":["https:\/\/larreborges.com\/web\/cart\/"]}]},{"@type":"ImageObject","inLanguage":"es","@id":"https:\/\/larreborges.com\/web\/cart\/#primaryimage","url":"https:\/\/larreborges.com\/web\/wp-content\/uploads\/2025\/12\/camiseta-alternativa-2025-larre-borges.jpg","contentUrl":"https:\/\/larreborges.com\/web\/wp-content\/uploads\/2025\/12\/camiseta-alternativa-2025-larre-borges.jpg","width":1080,"height":1080},{"@type":"BreadcrumbList","@id":"https:\/\/larreborges.com\/web\/cart\/#breadcrumb","itemListElement":[{"@type":"ListItem","position":1,"name":"Portada","item":"https:\/\/larreborges.com\/web\/"},{"@type":"ListItem","position":2,"name":"Cart"}]},{"@type":"WebSite","@id":"https:\/\/larreborges.com\/web\/#website","url":"https:\/\/larreborges.com\/web\/","name":"Instituci\u00f3n Atl\u00e9tica Larre Borges","description":"Escuela de b\u00e1squet y deportes","potentialAction":[{"@type":"SearchAction","target":{"@type":"EntryPoint","urlTemplate":"https:\/\/larreborges.com\/web\/?s={search_term_string}"},"query-input":{"@type":"PropertyValueSpecification","valueRequired":true,"valueName":"search_term_string"}}],"inLanguage":"es"}]}},"_links":{"self":[{"href":"https:\/\/larreborges.com\/web\/wp-json\/wp\/v2\/pages\/288","targetHints":{"allow":["GET"]}}],"collection":[{"href":"https:\/\/larreborges.com\/web\/wp-json\/wp\/v2\/pages"}],"about":[{"href":"https:\/\/larreborges.com\/web\/wp-json\/wp\/v2\/types\/page"}],"author":[{"embeddable":true,"href":"https:\/\/larreborges.com\/web\/wp-json\/wp\/v2\/users\/2"}],"replies":[{"embeddable":true,"href":"https:\/\/larreborges.com\/web\/wp-json\/wp\/v2\/comments?post=288"}],"version-history":[{"count":3,"href":"https:\/\/larreborges.com\/web\/wp-json\/wp\/v2\/pages\/288\/revisions"}],"predecessor-version":[{"id":5437,"href":"https:\/\/larreborges.com\/web\/wp-json\/wp\/v2\/pages\/288\/revisions\/5437"}],"wp:attachment":[{"href":"https:\/\/larreborges.com\/web\/wp-json\/wp\/v2\/media?parent=288"}],"curies":[{"name":"wp","href":"https:\/\/api.w.org\/{rel}","templated":true}]}}